{"id":5297,"date":"2021-11-19T16:46:37","date_gmt":"2021-11-19T15:46:37","guid":{"rendered":"https:\/\/www.mco-events.com\/?page_id=5297"},"modified":"2023-08-09T16:57:30","modified_gmt":"2023-08-09T14:57:30","slug":"team-building-incentive-2","status":"publish","type":"page","link":"https:\/\/www.mco-events.com\/index.php\/team-building-incentive-2\/","title":{"rendered":"Team building &#038; Incentive"},"content":{"rendered":"\t\t<div data-elementor-type=\"wp-page\" data-elementor-id=\"5297\" class=\"elementor elementor-5297\">\n\t\t\t\t\t\t\t\t\t<section class=\"elementor-section elementor-top-section elementor-element elementor-element-f7ffdaf ot-traditional elementor-section-boxed elementor-section-height-default elementor-section-height-default\" data-id=\"f7ffdaf\" data-element_type=\"section\" data-settings=\"{&quot;background_background&quot;:&quot;classic&quot;}\">\n\t\t\t\t\t\t<div class=\"elementor-container elementor-column-gap-extended\">\n\t\t\t\t\t<div class=\"elementor-column elementor-col-100 elementor-top-column elementor-element elementor-element-6665190 ot-flex-column-vertical\" data-id=\"6665190\" data-element_type=\"column\">\n\t\t\t<div class=\"elementor-widget-wrap elementor-element-populated\">\n\t\t\t\t\t\t\t\t<div class=\"elementor-element elementor-element-4eaa64d elementor-widget elementor-widget-iheading\" data-id=\"4eaa64d\" data-element_type=\"widget\" data-widget_type=\"iheading.default\">\n\t\t\t\t<div class=\"elementor-widget-container\">\n\t\t\t\t\t<div class=\"ot-heading\">\n\t        <h4 class=\"main-heading\">Team building & Incentive<\/h4>\t    <\/div>\n\t    \t\t<\/div>\n\t\t\t\t<\/div>\n\t\t\t\t<div class=\"elementor-element elementor-element-5c56f12 elementor-widget elementor-widget-iheading\" data-id=\"5c56f12\" data-element_type=\"widget\" data-widget_type=\"iheading.default\">\n\t\t\t\t<div class=\"elementor-widget-container\">\n\t\t\t\t\t<div class=\"ot-heading\">\n\t        <p class=\"main-heading\">&#8943; Votre \u00e9quipe manque de coh\u00e9sion ?<br>\n&#8943; Besoin d\u2019\u00e9chapper \u00e0 la routine et de prendre une pause ?<br>\n&#8943; Envie de f\u00eater un \u00e9v\u00e9nement avec votre team ?<\/p>\t    <\/div>\n\t    \t\t<\/div>\n\t\t\t\t<\/div>\n\t\t\t\t<div class=\"elementor-element elementor-element-45c8617 elementor-widget elementor-widget-iheading\" data-id=\"45c8617\" data-element_type=\"widget\" data-widget_type=\"iheading.default\">\n\t\t\t\t<div class=\"elementor-widget-container\">\n\t\t\t\t\t<div class=\"ot-heading\">\n\t        <p class=\"main-heading\">\u2022  Incentive et team building sportifs,<br>\n\u2022  Incentive et team building \u00e0 sensations fortes,<br>\n\u2022  Incentive et team building culturels et d\u00e9tente,<br>\n\u2022 Team building gastronomiques,<br>\n\u2022  Team building et incentive autour du jeu,<br>\n\u2022  Team building et incentive l\u2019alliance travail et plaisir\u2026<br>\n<\/p>\t    <\/div>\n\t    \t\t<\/div>\n\t\t\t\t<\/div>\n\t\t\t\t<div class=\"elementor-element elementor-element-1142a57 elementor-hidden-desktop elementor-widget elementor-widget-image\" data-id=\"1142a57\" data-element_type=\"widget\" data-widget_type=\"image.default\">\n\t\t\t\t<div class=\"elementor-widget-container\">\n\t\t\t<style>\/*! elementor - v3.17.0 - 25-10-2023 *\/\n.elementor-widget-image{text-align:center}.elementor-widget-image a{display:inline-block}.elementor-widget-image a img[src$=\".svg\"]{width:48px}.elementor-widget-image img{vertical-align:middle;display:inline-block}<\/style>\t\t\t\t\t\t\t\t\t\t\t\t<img loading=\"lazy\" decoding=\"async\" width=\"400\" height=\"600\" src=\"https:\/\/www.mco-events.com\/wp-content\/uploads\/2021\/11\/teambuilding.png\" class=\"attachment-full size-full wp-image-5293\" alt=\"\" srcset=\"https:\/\/www.mco-events.com\/wp-content\/uploads\/2021\/11\/teambuilding.png 400w, https:\/\/www.mco-events.com\/wp-content\/uploads\/2021\/11\/teambuilding-200x300.png 200w\" sizes=\"auto, (max-width: 400px) 100vw, 400px\" \/>\t\t\t\t\t\t\t\t\t\t\t\t\t\t\t<\/div>\n\t\t\t\t<\/div>\n\t\t\t\t\t<\/div>\n\t\t<\/div>\n\t\t\t\t\t\t\t<\/div>\n\t\t<\/section>\n\t\t\t\t<section class=\"elementor-section elementor-top-section elementor-element elementor-element-212dad8 ot-traditional elementor-section-boxed elementor-section-height-default elementor-section-height-default\" data-id=\"212dad8\" data-element_type=\"section\">\n\t\t\t\t\t\t<div class=\"elementor-container elementor-column-gap-default\">\n\t\t\t\t\t<div class=\"elementor-column elementor-col-100 elementor-top-column elementor-element elementor-element-998058f ot-flex-column-vertical\" data-id=\"998058f\" data-element_type=\"column\">\n\t\t\t<div class=\"elementor-widget-wrap elementor-element-populated\">\n\t\t\t\t\t\t\t\t<div class=\"elementor-element elementor-element-5738cc2 elementor-skin-slideshow elementor-arrows-yes elementor-widget elementor-widget-media-carousel\" data-id=\"5738cc2\" data-element_type=\"widget\" data-settings=\"{&quot;skin&quot;:&quot;slideshow&quot;,&quot;centered_slides&quot;:&quot;yes&quot;,&quot;effect&quot;:&quot;slide&quot;,&quot;show_arrows&quot;:&quot;yes&quot;,&quot;speed&quot;:500,&quot;autoplay&quot;:&quot;yes&quot;,&quot;autoplay_speed&quot;:5000,&quot;loop&quot;:&quot;yes&quot;,&quot;space_between&quot;:{&quot;unit&quot;:&quot;px&quot;,&quot;size&quot;:10,&quot;sizes&quot;:[]},&quot;space_between_tablet&quot;:{&quot;unit&quot;:&quot;px&quot;,&quot;size&quot;:10,&quot;sizes&quot;:[]},&quot;space_between_mobile&quot;:{&quot;unit&quot;:&quot;px&quot;,&quot;size&quot;:10,&quot;sizes&quot;:[]}}\" data-widget_type=\"media-carousel.default\">\n\t\t\t\t<div class=\"elementor-widget-container\">\n\t\t\t<link rel=\"stylesheet\" href=\"https:\/\/www.mco-events.com\/wp-content\/plugins\/elementor-pro\/assets\/css\/widget-carousel.min.css\">\t\t<div class=\"elementor-swiper\">\n\t\t\t<div class=\"elementor-main-swiper swiper-container\">\n\t\t\t\t<div class=\"swiper-wrapper\">\n\t\t\t\t\t\t\t\t\t\t\t<div class=\"swiper-slide\">\n\t\t\t\t\t\t\t\t\t<div class=\"elementor-carousel-image\" role=\"img\" aria-label=\"team6\" style=\"background-image: url(&#039;https:\/\/www.mco-events.com\/wp-content\/uploads\/2022\/12\/team6.jpg&#039;)\">\n\n\t\t\t\n\t\t\t\t\t<\/div>\n\t\t\t\t\t\t\t\t<\/div>\n\t\t\t\t\t\t\t\t\t\t\t<div class=\"swiper-slide\">\n\t\t\t\t\t\t\t\t\t<div class=\"elementor-carousel-image\" role=\"img\" aria-label=\"team7\" style=\"background-image: url(&#039;https:\/\/www.mco-events.com\/wp-content\/uploads\/2022\/12\/team7.jpg&#039;)\">\n\n\t\t\t\n\t\t\t\t\t<\/div>\n\t\t\t\t\t\t\t\t<\/div>\n\t\t\t\t\t\t\t\t\t\t\t<div class=\"swiper-slide\">\n\t\t\t\t\t\t\t\t\t<div class=\"elementor-carousel-image\" role=\"img\" aria-label=\"16\" style=\"background-image: url(&#039;https:\/\/www.mco-events.com\/wp-content\/uploads\/2022\/12\/16.jpg&#039;)\">\n\n\t\t\t\n\t\t\t\t\t<\/div>\n\t\t\t\t\t\t\t\t<\/div>\n\t\t\t\t\t\t\t\t\t\t\t<div class=\"swiper-slide\">\n\t\t\t\t\t\t\t\t\t<div class=\"elementor-carousel-image\" role=\"img\" aria-label=\"3\" style=\"background-image: url(&#039;https:\/\/www.mco-events.com\/wp-content\/uploads\/2022\/12\/3.jpg&#039;)\">\n\n\t\t\t\n\t\t\t\t\t<\/div>\n\t\t\t\t\t\t\t\t<\/div>\n\t\t\t\t\t\t\t\t\t\t\t<div class=\"swiper-slide\">\n\t\t\t\t\t\t\t\t\t<div class=\"elementor-carousel-image\" role=\"img\" aria-label=\"team1\" style=\"background-image: url(&#039;https:\/\/www.mco-events.com\/wp-content\/uploads\/2022\/12\/team1.jpg&#039;)\">\n\n\t\t\t\n\t\t\t\t\t<\/div>\n\t\t\t\t\t\t\t\t<\/div>\n\t\t\t\t\t\t\t\t\t\t\t<div class=\"swiper-slide\">\n\t\t\t\t\t\t\t\t\t<div class=\"elementor-carousel-image\" role=\"img\" aria-label=\"teamb\" style=\"background-image: url(&#039;https:\/\/www.mco-events.com\/wp-content\/uploads\/2022\/12\/teamb.jpg&#039;)\">\n\n\t\t\t\n\t\t\t\t\t<\/div>\n\t\t\t\t\t\t\t\t<\/div>\n\t\t\t\t\t\t\t\t\t<\/div>\n\t\t\t\t\t\t\t\t\t\t\t\t\t\t\t\t\t\t\t\t<div class=\"elementor-swiper-button elementor-swiper-button-prev\" role=\"button\" tabindex=\"0\">\n\t\t\t\t\t\t\t<i aria-hidden=\"true\" class=\"eicon-chevron-left\"><\/i>\t\t\t\t\t\t\t<span class=\"elementor-screen-only\">Previous<\/span>\n\t\t\t\t\t\t<\/div>\n\t\t\t\t\t\t<div class=\"elementor-swiper-button elementor-swiper-button-next\" role=\"button\" tabindex=\"0\">\n\t\t\t\t\t\t\t<i aria-hidden=\"true\" class=\"eicon-chevron-right\"><\/i>\t\t\t\t\t\t\t<span class=\"elementor-screen-only\">Next<\/span>\n\t\t\t\t\t\t<\/div>\n\t\t\t\t\t\t\t\t\t\t\t\t<\/div>\n\t\t<\/div>\n\t\t\t\t<div class=\"elementor-swiper\">\n\t\t\t<div class=\"elementor-thumbnails-swiper swiper-container\">\n\t\t\t\t<div class=\"swiper-wrapper\">\n\t\t\t\t\t\t\t\t\t\t\t<div class=\"swiper-slide\">\n\t\t\t\t\t\t\t\t\t<div class=\"elementor-carousel-image\" role=\"img\" aria-label=\"team6\" style=\"background-image: url(&#039;https:\/\/www.mco-events.com\/wp-content\/uploads\/2022\/12\/team6.jpg&#039;)\">\n\n\t\t\t\n\t\t\t\t\t<\/div>\n\t\t\t\t\t\t\t\t<\/div>\n\t\t\t\t\t\t\t\t\t\t\t<div class=\"swiper-slide\">\n\t\t\t\t\t\t\t\t\t<div class=\"elementor-carousel-image\" role=\"img\" aria-label=\"team7\" style=\"background-image: url(&#039;https:\/\/www.mco-events.com\/wp-content\/uploads\/2022\/12\/team7.jpg&#039;)\">\n\n\t\t\t\n\t\t\t\t\t<\/div>\n\t\t\t\t\t\t\t\t<\/div>\n\t\t\t\t\t\t\t\t\t\t\t<div class=\"swiper-slide\">\n\t\t\t\t\t\t\t\t\t<div class=\"elementor-carousel-image\" role=\"img\" aria-label=\"16\" style=\"background-image: url(&#039;https:\/\/www.mco-events.com\/wp-content\/uploads\/2022\/12\/16.jpg&#039;)\">\n\n\t\t\t\n\t\t\t\t\t<\/div>\n\t\t\t\t\t\t\t\t<\/div>\n\t\t\t\t\t\t\t\t\t\t\t<div class=\"swiper-slide\">\n\t\t\t\t\t\t\t\t\t<div class=\"elementor-carousel-image\" role=\"img\" aria-label=\"3\" style=\"background-image: url(&#039;https:\/\/www.mco-events.com\/wp-content\/uploads\/2022\/12\/3.jpg&#039;)\">\n\n\t\t\t\n\t\t\t\t\t<\/div>\n\t\t\t\t\t\t\t\t<\/div>\n\t\t\t\t\t\t\t\t\t\t\t<div class=\"swiper-slide\">\n\t\t\t\t\t\t\t\t\t<div class=\"elementor-carousel-image\" role=\"img\" aria-label=\"team1\" style=\"background-image: url(&#039;https:\/\/www.mco-events.com\/wp-content\/uploads\/2022\/12\/team1.jpg&#039;)\">\n\n\t\t\t\n\t\t\t\t\t<\/div>\n\t\t\t\t\t\t\t\t<\/div>\n\t\t\t\t\t\t\t\t\t\t\t<div class=\"swiper-slide\">\n\t\t\t\t\t\t\t\t\t<div class=\"elementor-carousel-image\" role=\"img\" aria-label=\"teamb\" style=\"background-image: url(&#039;https:\/\/www.mco-events.com\/wp-content\/uploads\/2022\/12\/teamb.jpg&#039;)\">\n\n\t\t\t\n\t\t\t\t\t<\/div>\n\t\t\t\t\t\t\t\t<\/div>\n\t\t\t\t\t\t\t\t\t<\/div>\n\t\t\t\t\t\t\t\t\t\t\t\t\t\t\t\t\t\t\t\t\t<\/div>\n\t\t<\/div>\n\t\t\t\t<\/div>\n\t\t\t\t<\/div>\n\t\t\t\t\t<\/div>\n\t\t<\/div>\n\t\t\t\t\t\t\t<\/div>\n\t\t<\/section>\n\t\t\t\t<section class=\"elementor-section elementor-top-section elementor-element elementor-element-88cc21b ot-traditional elementor-section-boxed elementor-section-height-default elementor-section-height-default\" data-id=\"88cc21b\" data-element_type=\"section\">\n\t\t\t\t\t\t<div class=\"elementor-container elementor-column-gap-default\">\n\t\t\t\t\t<div class=\"elementor-column elementor-col-100 elementor-top-column elementor-element elementor-element-afd7556 ot-flex-column-vertical\" data-id=\"afd7556\" data-element_type=\"column\">\n\t\t\t<div class=\"elementor-widget-wrap elementor-element-populated\">\n\t\t\t\t\t\t\t\t<div class=\"elementor-element elementor-element-8b42ab5 elementor-widget elementor-widget-text-editor\" data-id=\"8b42ab5\" data-element_type=\"widget\" data-widget_type=\"text-editor.default\">\n\t\t\t\t<div class=\"elementor-widget-container\">\n\t\t\t<style>\/*! elementor - v3.17.0 - 25-10-2023 *\/\n.elementor-widget-text-editor.elementor-drop-cap-view-stacked .elementor-drop-cap{background-color:#69727d;color:#fff}.elementor-widget-text-editor.elementor-drop-cap-view-framed .elementor-drop-cap{color:#69727d;border:3px solid;background-color:transparent}.elementor-widget-text-editor:not(.elementor-drop-cap-view-default) .elementor-drop-cap{margin-top:8px}.elementor-widget-text-editor:not(.elementor-drop-cap-view-default) .elementor-drop-cap-letter{width:1em;height:1em}.elementor-widget-text-editor .elementor-drop-cap{float:left;text-align:center;line-height:1;font-size:50px}.elementor-widget-text-editor .elementor-drop-cap-letter{display:inline-block}<\/style>\t\t\t\t\t\t\t\t\t\t<\/div>\n\t\t\t\t<\/div>\n\t\t\t\t<div class=\"elementor-element elementor-element-0966e51 elementor-widget elementor-widget-iheading\" data-id=\"0966e51\" data-element_type=\"widget\" data-widget_type=\"iheading.default\">\n\t\t\t\t<div class=\"elementor-widget-container\">\n\t\t\t\t\t<div class=\"ot-heading\">\n\t        <p class=\"main-heading\">Pr\u00e9parez-vous \u00e0 vivre une exp\u00e9rience de team building exceptionnelle au coeur du Maroc avec\nM&CO Events Casablanca ! Nous sommes fiers de vous pr\u00e9senter notre service de team\nbuilding sur mesure \u00e0 Rabat, Marrakech, Tanger, Casablanca et dans tout le pays. Plongezvous\ndans l'atmosph\u00e8re envo\u00fbtante de ces villes vibrantes et d\u00e9couvrez un monde d'aventure,\nde collaboration et de renforcement d'\u00e9quipe.\nImaginez-vous, aux c\u00f4t\u00e9s de vos coll\u00e8gues, en train de surmonter des d\u00e9fis palpitants dans les\nruelles anim\u00e9es de Marrakech, explorant les tr\u00e9sors cach\u00e9s de Rabat, repoussant vos\nlimites lors d'activit\u00e9s sportives passionnantes \u00e0 Tanger, et d\u00e9couvrant les quartiers\ndynamiques de Casablanca. Tout cela dans le cadre d'un team building qui laissera une\nempreinte durable sur votre \u00e9quipe.\nNotre \u00e9quipe d'experts en team building est l\u00e0 pour concevoir un programme sur mesure\nr\u00e9pondant \u00e0 vos objectifs et \u00e0 vos besoins sp\u00e9cifiques. Que vous souhaitiez am\u00e9liorer la\ncommunication, renforcer la confiance, favoriser la collaboration ou stimuler la cr\u00e9ativit\u00e9, nous\navons les activit\u00e9s adapt\u00e9es pour vous. Des rallyes urbains aux jeux d'\u00e9quipe interactifs, en\npassant par des ateliers de d\u00e9veloppement personnel inspirants, chaque instant de votre team\nbuilding sera con\u00e7u pour maximiser votre potentiel collectif.\nLaissez-nous vous guider \u00e0 travers un voyage immersif dans les merveilles du Maroc, o\u00f9 vous\nd\u00e9couvrirez la richesse culturelle, l'hospitalit\u00e9 chaleureuse et la beaut\u00e9 envo\u00fbtante de ce pays.\nNotre \u00e9quipe d\u00e9vou\u00e9e s'occupera de tous les d\u00e9tails logistiques pour que vous puissiez vous\nconcentrer sur le renforcement de votre \u00e9quipe et la cr\u00e9ation de souvenirs durables.\nNe manquez pas l'opportunit\u00e9 de vivre une exp\u00e9rience de team building unique et m\u00e9morable\n\u00e0 Rabat, Marrakech, Tanger, Casablanca et au-del\u00e0. Contactez M&CO Events Casablanca d\u00e8s\naujourd'hui pour commencer \u00e0 planifier votre aventure marocaine extraordinaire ! Votre\n\u00e9quipe ne pourra plus s'en passer.\"<\/p>\t    <\/div>\n\t    \t\t<\/div>\n\t\t\t\t<\/div>\n\t\t\t\t\t<\/div>\n\t\t<\/div>\n\t\t\t\t\t\t\t<\/div>\n\t\t<\/section>\n\t\t\t\t<section class=\"elementor-section elementor-top-section elementor-element elementor-element-cf99b52 ot-traditional elementor-section-boxed elementor-section-height-default elementor-section-height-default\" data-id=\"cf99b52\" data-element_type=\"section\">\n\t\t\t\t\t\t<div class=\"elementor-container elementor-column-gap-default\">\n\t\t\t\t\t<div class=\"elementor-column elementor-col-100 elementor-top-column elementor-element elementor-element-0b44b40 ot-flex-column-vertical\" data-id=\"0b44b40\" data-element_type=\"column\">\n\t\t\t<div class=\"elementor-widget-wrap elementor-element-populated\">\n\t\t\t\t\t\t\t\t<div class=\"elementor-element elementor-element-5738b32 elementor-align-center elementor-widget elementor-widget-button\" data-id=\"5738b32\" data-element_type=\"widget\" data-widget_type=\"button.default\">\n\t\t\t\t<div class=\"elementor-widget-container\">\n\t\t\t\t\t<div class=\"elementor-button-wrapper\">\n\t\t\t<a class=\"elementor-button elementor-button-link elementor-size-sm\" href=\"\">\n\t\t\t\t\t\t<span class=\"elementor-button-content-wrapper\">\n\t\t\t\t\t\t<span class=\"elementor-button-text\">contactez nous<\/span>\n\t\t<\/span>\n\t\t\t\t\t<\/a>\n\t\t<\/div>\n\t\t\t\t<\/div>\n\t\t\t\t<\/div>\n\t\t\t\t\t<\/div>\n\t\t<\/div>\n\t\t\t\t\t\t\t<\/div>\n\t\t<\/section>\n\t\t\t\t\t\t\t<\/div>\n\t\t","protected":false},"excerpt":{"rendered":"<p>Team building &#038; Incentive &#8943; Votre \u00e9quipe manque de coh\u00e9sion ? &#8943; Besoin d\u2019\u00e9chapper \u00e0 la routine et de prendre une pause ? &#8943; Envie de f\u00eater un \u00e9v\u00e9nement avec votre team ? \u2022 Incentive et team building sportifs, \u2022 Incentive et team building \u00e0 sensations fortes, \u2022 Incentive et team building culturels et d\u00e9tente, [&hellip;]<\/p>\n","protected":false},"author":1,"featured_media":0,"parent":0,"menu_order":0,"comment_status":"closed","ping_status":"closed","template":"","meta":{"_monsterinsights_skip_tracking":false,"_monsterinsights_sitenote_active":false,"_monsterinsights_sitenote_note":"","_monsterinsights_sitenote_category":0,"footnotes":""},"class_list":["post-5297","page","type-page","status-publish","hentry"],"_links":{"self":[{"href":"https:\/\/www.mco-events.com\/index.php\/wp-json\/wp\/v2\/pages\/5297","targetHints":{"allow":["GET"]}}],"collection":[{"href":"https:\/\/www.mco-events.com\/index.php\/wp-json\/wp\/v2\/pages"}],"about":[{"href":"https:\/\/www.mco-events.com\/index.php\/wp-json\/wp\/v2\/types\/page"}],"author":[{"embeddable":true,"href":"https:\/\/www.mco-events.com\/index.php\/wp-json\/wp\/v2\/users\/1"}],"replies":[{"embeddable":true,"href":"https:\/\/www.mco-events.com\/index.php\/wp-json\/wp\/v2\/comments?post=5297"}],"version-history":[{"count":50,"href":"https:\/\/www.mco-events.com\/index.php\/wp-json\/wp\/v2\/pages\/5297\/revisions"}],"predecessor-version":[{"id":6402,"href":"https:\/\/www.mco-events.com\/index.php\/wp-json\/wp\/v2\/pages\/5297\/revisions\/6402"}],"wp:attachment":[{"href":"https:\/\/www.mco-events.com\/index.php\/wp-json\/wp\/v2\/media?parent=5297"}],"curies":[{"name":"wp","href":"https:\/\/api.w.org\/{rel}","templated":true}]}}