{"id":6334,"date":"2023-05-19T11:31:00","date_gmt":"2023-05-19T09:31:00","guid":{"rendered":"https:\/\/www.mco-events.com\/?page_id=6334"},"modified":"2023-05-19T11:51:35","modified_gmt":"2023-05-19T09:51:35","slug":"presentation","status":"publish","type":"page","link":"https:\/\/www.mco-events.com\/index.php\/presentation\/","title":{"rendered":"PRESENTATION"},"content":{"rendered":"\t\t<div data-elementor-type=\"wp-page\" data-elementor-id=\"6334\" class=\"elementor elementor-6334\">\n\t\t\t\t\t\t\t\t\t<section class=\"elementor-section elementor-top-section elementor-element elementor-element-f1c4e87 ot-traditional elementor-section-boxed elementor-section-height-default elementor-section-height-default\" data-id=\"f1c4e87\" data-element_type=\"section\">\n\t\t\t\t\t\t<div class=\"elementor-container elementor-column-gap-default\">\n\t\t\t\t\t<div class=\"elementor-column elementor-col-100 elementor-top-column elementor-element elementor-element-53ee18b ot-flex-column-vertical\" data-id=\"53ee18b\" data-element_type=\"column\">\n\t\t\t<div class=\"elementor-widget-wrap elementor-element-populated\">\n\t\t\t\t\t\t\t\t<div class=\"elementor-element elementor-element-7919dfb elementor-widget elementor-widget-image\" data-id=\"7919dfb\" data-element_type=\"widget\" data-widget_type=\"image.default\">\n\t\t\t\t<div class=\"elementor-widget-container\">\n\t\t\t<style>\/*! elementor - v3.17.0 - 25-10-2023 *\/\n.elementor-widget-image{text-align:center}.elementor-widget-image a{display:inline-block}.elementor-widget-image a img[src$=\".svg\"]{width:48px}.elementor-widget-image img{vertical-align:middle;display:inline-block}<\/style>\t\t\t\t\t\t\t\t\t\t\t\t<img loading=\"lazy\" decoding=\"async\" width=\"729\" height=\"438\" src=\"https:\/\/www.mco-events.com\/wp-content\/uploads\/2022\/12\/amenagement4.jpg\" class=\"attachment-medium_large size-medium_large wp-image-5890\" alt=\"\" srcset=\"https:\/\/www.mco-events.com\/wp-content\/uploads\/2022\/12\/amenagement4.jpg 729w, https:\/\/www.mco-events.com\/wp-content\/uploads\/2022\/12\/amenagement4-300x180.jpg 300w, https:\/\/www.mco-events.com\/wp-content\/uploads\/2022\/12\/amenagement4-720x433.jpg 720w\" sizes=\"auto, (max-width: 729px) 100vw, 729px\" \/>\t\t\t\t\t\t\t\t\t\t\t\t\t\t\t<\/div>\n\t\t\t\t<\/div>\n\t\t\t\t\t<\/div>\n\t\t<\/div>\n\t\t\t\t\t\t\t<\/div>\n\t\t<\/section>\n\t\t\t\t<section class=\"elementor-section elementor-top-section elementor-element elementor-element-29ac063 ot-traditional elementor-section-boxed elementor-section-height-default elementor-section-height-default\" data-id=\"29ac063\" data-element_type=\"section\">\n\t\t\t\t\t\t<div class=\"elementor-container elementor-column-gap-default\">\n\t\t\t\t\t<div class=\"elementor-column elementor-col-100 elementor-top-column elementor-element elementor-element-499345e ot-flex-column-vertical\" data-id=\"499345e\" data-element_type=\"column\">\n\t\t\t<div class=\"elementor-widget-wrap elementor-element-populated\">\n\t\t\t\t\t\t\t\t<div class=\"elementor-element elementor-element-9d8465f elementor-widget elementor-widget-text-editor\" data-id=\"9d8465f\" data-element_type=\"widget\" data-widget_type=\"text-editor.default\">\n\t\t\t\t<div class=\"elementor-widget-container\">\n\t\t\t<style>\/*! elementor - v3.17.0 - 25-10-2023 *\/\n.elementor-widget-text-editor.elementor-drop-cap-view-stacked .elementor-drop-cap{background-color:#69727d;color:#fff}.elementor-widget-text-editor.elementor-drop-cap-view-framed .elementor-drop-cap{color:#69727d;border:3px solid;background-color:transparent}.elementor-widget-text-editor:not(.elementor-drop-cap-view-default) .elementor-drop-cap{margin-top:8px}.elementor-widget-text-editor:not(.elementor-drop-cap-view-default) .elementor-drop-cap-letter{width:1em;height:1em}.elementor-widget-text-editor .elementor-drop-cap{float:left;text-align:center;line-height:1;font-size:50px}.elementor-widget-text-editor .elementor-drop-cap-letter{display:inline-block}<\/style>\t\t\t\t<p><br><\/p><p>\u00c0&nbsp;<strong><a href=\"https:\/\/www.mco-events.com\/\">M&amp;CO EVENT<\/a><\/strong> nous sommes passionn\u00e9s par la cr\u00e9ation de moments m\u00e9morables. Que ce soit pour des mariages \u00e9l\u00e9gants, des soir\u00e9es d&rsquo;entreprise dynamiques ou des \u00e9v\u00e9nements sp\u00e9ciaux au Maroc. Nous proposons des services d&rsquo;\u00e9v\u00e9nements d&rsquo;entreprise cl\u00e9 en main \u00e0 Casablanca, Marrakech Rabat, Tanger et dans tout le pays nous sommes l\u00e0 pour donner vie \u00e0 vos id\u00e9es et cr\u00e9er une exp\u00e9rience unique.<\/p>\n<p>Notre \u00e9quipe d&rsquo;experts en \u00e9v\u00e9nementiel est compos\u00e9e de professionnels cr\u00e9atifs et exp\u00e9riment\u00e9s. Nous travaillons en \u00e9troite collaboration avec vous pour comprendre vos besoins, vos pr\u00e9f\u00e9rences et votre vision, afin de concevoir un \u00e9v\u00e9nement sur mesure qui refl\u00e8te votre style et vos valeurs.<\/p>\n<p>De la planification minutieuse \u00e0 la coordination de tous les d\u00e9tails, nous prenons en charge tous les aspects de votre \u00e9v\u00e9nement. Qu&rsquo;il s&rsquo;agisse de la s\u00e9lection du lieu id\u00e9al, de la gestion des invitations, de la d\u00e9coration personnalis\u00e9e, de la s\u00e9lection des fournisseurs ou de la coordination du jour J, notre \u00e9quipe veille \u00e0 ce que tout se d\u00e9roule sans accroc.<\/p>\n<p>Nous croyons fermement que chaque \u00e9v\u00e9nement est unique et m\u00e9rite une attention particuli\u00e8re. C&rsquo;est pourquoi nous nous engageons \u00e0 fournir un service personnalis\u00e9, en veillant \u00e0 ce que chaque d\u00e9tail soit pris en compte et que vos attentes soient non seulement satisfaites, mais d\u00e9pass\u00e9es.<br>Chez&nbsp;<a href=\"https:\/\/www.mco-events.com\/\"><strong>M&amp;CO EVENT<\/strong><\/a>, nous comprenons l&rsquo;importance de cr\u00e9er une exp\u00e9rience exceptionnelle pour vos invit\u00e9s. Nous mettons tout en \u0153uvre pour captiver, divertir et \u00e9merveiller, en proposant des concepts novateurs, des animations uniques et une ambiance inoubliable.<br>Que vous ayez besoin d&rsquo;une assistance compl\u00e8te pour la planification de votre \u00e9v\u00e9nement ou simplement de conseils d&rsquo;experts, notre \u00e9quipe est l\u00e0 pour vous accompagner \u00e0 chaque \u00e9tape. Nous nous engageons \u00e0 rendre votre \u00e9v\u00e9nement extraordinaire et \u00e0 cr\u00e9er des souvenirs durables pour vous et vos invit\u00e9s.<br><a href=\"https:\/\/www.mco-events.com\/index.php\/contacts\/\">Contactez-nous<\/a>&nbsp;d\u00e8s aujourd&rsquo;hui pour discuter de votre prochain \u00e9v\u00e9nement. Laissez-nous vous montrer comment nous pouvons transformer votre vision en r\u00e9alit\u00e9.<\/p>\n<p>Chez&nbsp;<a href=\"https:\/\/www.mco-events.com\/\"><strong>M&amp;CO EVENT<\/strong><\/a>, nous sommes pr\u00eats \u00e0 cr\u00e9er un \u00e9v\u00e9nement extraordinaire sur mesure pour vous!\u00a0\u00bb<\/p>\t\t\t\t\t\t<\/div>\n\t\t\t\t<\/div>\n\t\t\t\t\t<\/div>\n\t\t<\/div>\n\t\t\t\t\t\t\t<\/div>\n\t\t<\/section>\n\t\t\t\t\t\t\t<\/div>\n\t\t","protected":false},"excerpt":{"rendered":"<p>\u00c0&nbsp;M&amp;CO EVENT nous sommes passionn\u00e9s par la cr\u00e9ation de moments m\u00e9morables. Que ce soit pour des mariages \u00e9l\u00e9gants, des soir\u00e9es d&rsquo;entreprise dynamiques ou des \u00e9v\u00e9nements sp\u00e9ciaux au Maroc. Nous proposons des services d&rsquo;\u00e9v\u00e9nements d&rsquo;entreprise cl\u00e9 en main \u00e0 Casablanca, Marrakech Rabat, Tanger et dans tout le pays nous sommes l\u00e0 pour donner vie \u00e0 vos [&hellip;]<\/p>\n","protected":false},"author":4,"featured_media":0,"parent":0,"menu_order":0,"comment_status":"closed","ping_status":"closed","template":"","meta":{"_monsterinsights_skip_tracking":false,"_monsterinsights_sitenote_active":false,"_monsterinsights_sitenote_note":"","_monsterinsights_sitenote_category":0,"footnotes":""},"class_list":["post-6334","page","type-page","status-publish","hentry"],"_links":{"self":[{"href":"https:\/\/www.mco-events.com\/index.php\/wp-json\/wp\/v2\/pages\/6334","targetHints":{"allow":["GET"]}}],"collection":[{"href":"https:\/\/www.mco-events.com\/index.php\/wp-json\/wp\/v2\/pages"}],"about":[{"href":"https:\/\/www.mco-events.com\/index.php\/wp-json\/wp\/v2\/types\/page"}],"author":[{"embeddable":true,"href":"https:\/\/www.mco-events.com\/index.php\/wp-json\/wp\/v2\/users\/4"}],"replies":[{"embeddable":true,"href":"https:\/\/www.mco-events.com\/index.php\/wp-json\/wp\/v2\/comments?post=6334"}],"version-history":[{"count":16,"href":"https:\/\/www.mco-events.com\/index.php\/wp-json\/wp\/v2\/pages\/6334\/revisions"}],"predecessor-version":[{"id":6355,"href":"https:\/\/www.mco-events.com\/index.php\/wp-json\/wp\/v2\/pages\/6334\/revisions\/6355"}],"wp:attachment":[{"href":"https:\/\/www.mco-events.com\/index.php\/wp-json\/wp\/v2\/media?parent=6334"}],"curies":[{"name":"wp","href":"https:\/\/api.w.org\/{rel}","templated":true}]}}